{"id":19,"date":"2023-02-13T16:54:43","date_gmt":"2023-02-13T16:54:43","guid":{"rendered":"http:\/\/centrumautomatyzacji.pl\/?page_id=19"},"modified":"2024-12-17T13:42:56","modified_gmt":"2024-12-17T13:42:56","slug":"home","status":"publish","type":"page","link":"https:\/\/centrumautomatyzacji.pl\/","title":{"rendered":"O mnie"},"content":{"rendered":"\n<p class=\"has-text-align-left has-black-color has-text-color has-medium-font-size\">Chcesz zautomatyzowa\u0107 sw\u00f3j dom, firm\u0119 lub ogr\u00f3d? Nie mog\u0142e\u015b lepiej trafi\u0107!<br>Od wielu lat zajmuj\u0119 si\u0119 monta\u017cem oraz serwisem system\u00f3w bezpiecze\u0144stwa i sterowania. Jestem otwarty na r\u00f3\u017cnego rodzaju nowo\u015bci i integracje. Wykonuj\u0119 instalacje na ka\u017cdym poziomie zaawansowania, od prostych zdalnych w\u0142\u0105cznik\u00f3w o\u015bwietlenia, po rozbudowane systemy zarz\u0105dzania budynkiem. Opieram swoje projekty na systemach sterowanych z chmury, jak i posiadaj\u0105cych w\u0142asn\u0105 central\u0119 zarz\u0105dzaj\u0105c\u0105. <\/p>\n\n\n\n<p class=\"has-text-align-center has-black-color has-text-color has-medium-font-size\"><strong>Wsp\u00f3\u0142pracuj\u0119 z najwi\u0119kszymi i najpopularniejszymi w kraju producentami automatyki domowej<\/strong>!<\/p>\n\n\n\n<div style=\"height:100px\" aria-hidden=\"true\" class=\"wp-block-spacer\"><\/div>\n\n\n\n<p class=\"has-text-align-center has-black-color has-text-color has-link-color has-medium-font-size wp-elements-a4923d20c4e97feb716f68b4107d78b1\">Poni\u017cej linki do stron producent\u00f3w urz\u0105dze\u0144, kt\u00f3re instaluj\u0119.<\/p>\n\n\n\n<figure class=\"wp-block-gallery aligncenter has-nested-images columns-default is-cropped wp-block-gallery-1 is-layout-flex wp-block-gallery-is-layout-flex\">\n<figure class=\"wp-block-image size-large\"><a href=\"https:\/\/www.fibaro.com\/pl\/\" target=\"_blank\" rel=\"noreferrer noopener\"><img loading=\"lazy\" decoding=\"async\" width=\"600\" height=\"300\" data-id=\"150\" src=\"http:\/\/centrumautomatyzacji.pl\/wp-content\/uploads\/2023\/03\/FIBARO_NICE-BW-Centrum-Automatyzacji.png\" alt=\"\" class=\"wp-image-150\" srcset=\"https:\/\/centrumautomatyzacji.pl\/wp-content\/uploads\/2023\/03\/FIBARO_NICE-BW-Centrum-Automatyzacji.png 600w, https:\/\/centrumautomatyzacji.pl\/wp-content\/uploads\/2023\/03\/FIBARO_NICE-BW-Centrum-Automatyzacji-300x150.png 300w\" sizes=\"auto, (max-width: 600px) 100vw, 600px\" \/><\/a><\/figure>\n\n\n\n<figure class=\"wp-block-image size-large\"><a href=\"https:\/\/www.satel.pl\/\" target=\"_blank\" rel=\"noreferrer noopener\"><img loading=\"lazy\" decoding=\"async\" width=\"600\" height=\"300\" data-id=\"151\" src=\"http:\/\/centrumautomatyzacji.pl\/wp-content\/uploads\/2023\/03\/SATEL-BW-Centrum-Automatyzacji.png\" alt=\"\" class=\"wp-image-151\" srcset=\"https:\/\/centrumautomatyzacji.pl\/wp-content\/uploads\/2023\/03\/SATEL-BW-Centrum-Automatyzacji.png 600w, https:\/\/centrumautomatyzacji.pl\/wp-content\/uploads\/2023\/03\/SATEL-BW-Centrum-Automatyzacji-300x150.png 300w\" sizes=\"auto, (max-width: 600px) 100vw, 600px\" \/><\/a><\/figure>\n\n\n\n<figure class=\"wp-block-image size-large\"><a href=\"https:\/\/zamel.com\/pl\/\" target=\"_blank\" rel=\"noreferrer noopener\"><img loading=\"lazy\" decoding=\"async\" width=\"600\" height=\"300\" data-id=\"152\" src=\"http:\/\/centrumautomatyzacji.pl\/wp-content\/uploads\/2023\/03\/ZAMEL-BW-Centrum-Automatyzacji.png\" alt=\"\" class=\"wp-image-152\" srcset=\"https:\/\/centrumautomatyzacji.pl\/wp-content\/uploads\/2023\/03\/ZAMEL-BW-Centrum-Automatyzacji.png 600w, https:\/\/centrumautomatyzacji.pl\/wp-content\/uploads\/2023\/03\/ZAMEL-BW-Centrum-Automatyzacji-300x150.png 300w\" sizes=\"auto, (max-width: 600px) 100vw, 600px\" \/><\/a><\/figure>\n<\/figure>\n","protected":false},"excerpt":{"rendered":"<p>Chcesz zautomatyzowa\u0107 sw\u00f3j dom, firm\u0119 lub ogr\u00f3d? Nie mog\u0142e\u015b lepiej trafi\u0107!Od wielu lat zajmuj\u0119 si\u0119 monta\u017cem oraz serwisem system\u00f3w bezpiecze\u0144stwa i sterowania. Jestem otwarty na r\u00f3\u017cnego rodzaju nowo\u015bci i integracje. Wykonuj\u0119 instalacje na ka\u017cdym poziomie zaawansowania, od prostych zdalnych w\u0142\u0105cznik\u00f3w o\u015bwietlenia, po rozbudowane systemy zarz\u0105dzania budynkiem. Opieram swoje projekty na systemach sterowanych z chmury, jak [&hellip;]<\/p>\n","protected":false},"author":1,"featured_media":0,"parent":0,"menu_order":0,"comment_status":"closed","ping_status":"closed","template":"","meta":{"footnotes":""},"class_list":["post-19","page","type-page","status-publish","hentry"],"_links":{"self":[{"href":"https:\/\/centrumautomatyzacji.pl\/index.php\/wp-json\/wp\/v2\/pages\/19","targetHints":{"allow":["GET"]}}],"collection":[{"href":"https:\/\/centrumautomatyzacji.pl\/index.php\/wp-json\/wp\/v2\/pages"}],"about":[{"href":"https:\/\/centrumautomatyzacji.pl\/index.php\/wp-json\/wp\/v2\/types\/page"}],"author":[{"embeddable":true,"href":"https:\/\/centrumautomatyzacji.pl\/index.php\/wp-json\/wp\/v2\/users\/1"}],"replies":[{"embeddable":true,"href":"https:\/\/centrumautomatyzacji.pl\/index.php\/wp-json\/wp\/v2\/comments?post=19"}],"version-history":[{"count":25,"href":"https:\/\/centrumautomatyzacji.pl\/index.php\/wp-json\/wp\/v2\/pages\/19\/revisions"}],"predecessor-version":[{"id":198,"href":"https:\/\/centrumautomatyzacji.pl\/index.php\/wp-json\/wp\/v2\/pages\/19\/revisions\/198"}],"wp:attachment":[{"href":"https:\/\/centrumautomatyzacji.pl\/index.php\/wp-json\/wp\/v2\/media?parent=19"}],"curies":[{"name":"wp","href":"https:\/\/api.w.org\/{rel}","templated":true}]}}