{"id":52,"date":"2023-02-27T15:45:24","date_gmt":"2023-02-27T15:45:24","guid":{"rendered":"http:\/\/centrumautomatyzacji.pl\/?page_id=52"},"modified":"2023-02-27T15:52:37","modified_gmt":"2023-02-27T15:52:37","slug":"kontakt","status":"publish","type":"page","link":"https:\/\/centrumautomatyzacji.pl\/index.php\/kontakt\/","title":{"rendered":"Kontakt"},"content":{"rendered":"\n<div class=\"wp-block-media-text alignwide has-media-on-the-right is-stacked-on-mobile\" style=\"grid-template-columns:auto 34%\"><div class=\"wp-block-media-text__content\">\n<p>Godziny pracy:<br><strong>9.00-17.00<\/strong><br><strong>Poniedzia\u0142ek- Pi\u0105tek<\/strong><\/p>\n\n\n\n<p>Adres:<br><strong><a href=\"https:\/\/g.page\/mic-elektryk-wyszkow?share\">ul. Bia\u0142ostocka 105A, 07-200 Wyszk\u00f3w<\/a><\/strong><\/p>\n\n\n\n<p>Telefon:&nbsp;<a href=\"tel:+48500240656\"><strong>+48 500 240 656<\/strong><\/a><\/p>\n\n\n\n<p>E-mail:&nbsp;<strong><a href=\"mailto:michal@demadera.de\">michal@demadera.de<\/a><\/strong><\/p>\n<\/div><figure class=\"wp-block-media-text__media\"><img loading=\"lazy\" decoding=\"async\" width=\"1024\" height=\"1024\" src=\"http:\/\/centrumautomatyzacji.pl\/wp-content\/uploads\/2023\/02\/LOGO-Centrum-Automatyzacji-LOGO-1024x1024.png\" alt=\"\" class=\"wp-image-40 size-full\" srcset=\"https:\/\/centrumautomatyzacji.pl\/wp-content\/uploads\/2023\/02\/LOGO-Centrum-Automatyzacji-LOGO-1024x1024.png 1024w, https:\/\/centrumautomatyzacji.pl\/wp-content\/uploads\/2023\/02\/LOGO-Centrum-Automatyzacji-LOGO-300x300.png 300w, https:\/\/centrumautomatyzacji.pl\/wp-content\/uploads\/2023\/02\/LOGO-Centrum-Automatyzacji-LOGO-150x150.png 150w, https:\/\/centrumautomatyzacji.pl\/wp-content\/uploads\/2023\/02\/LOGO-Centrum-Automatyzacji-LOGO-768x768.png 768w, https:\/\/centrumautomatyzacji.pl\/wp-content\/uploads\/2023\/02\/LOGO-Centrum-Automatyzacji-LOGO-1536x1536.png 1536w, https:\/\/centrumautomatyzacji.pl\/wp-content\/uploads\/2023\/02\/LOGO-Centrum-Automatyzacji-LOGO-2048x2048.png 2048w, https:\/\/centrumautomatyzacji.pl\/wp-content\/uploads\/2023\/02\/LOGO-Centrum-Automatyzacji-LOGO-100x100.png 100w\" sizes=\"auto, (max-width: 1024px) 100vw, 1024px\" \/><\/figure><\/div>\n\n\n\n<p class=\"has-text-align-center\">Czasami pracujemy w terenie, dlatego prosimy o wcze\u015bniejsze um\u00f3wienie si\u0119 na wizyt\u0119 w naszej firmie.<\/p>\n\n\n\n<p class=\"has-text-align-center\">W\u0142a\u015bcicielem marki<strong>&nbsp;<a href=\"http:\/\/centrumautomatyzacji.pl\/\">CentrumAutomatyzacji.pl<\/a><\/strong> jest firma&nbsp;<strong><a href=\"http:\/\/www.demadera.de\/\">De Madera Olga Nap\u0142oszek<\/a><\/strong><\/p>\n","protected":false},"excerpt":{"rendered":"<p>Godziny pracy:9.00-17.00Poniedzia\u0142ek- Pi\u0105tek Adres:ul. Bia\u0142ostocka 105A, 07-200 Wyszk\u00f3w Telefon:&nbsp;+48 500 240 656 E-mail:&nbsp;michal@demadera.de Czasami pracujemy w terenie, dlatego prosimy o wcze\u015bniejsze um\u00f3wienie si\u0119 na wizyt\u0119 w naszej firmie. W\u0142a\u015bcicielem marki&nbsp;CentrumAutomatyzacji.pl jest firma&nbsp;De Madera Olga Nap\u0142oszek<\/p>\n","protected":false},"author":1,"featured_media":0,"parent":0,"menu_order":0,"comment_status":"closed","ping_status":"closed","template":"","meta":{"footnotes":""},"class_list":["post-52","page","type-page","status-publish","hentry"],"_links":{"self":[{"href":"https:\/\/centrumautomatyzacji.pl\/index.php\/wp-json\/wp\/v2\/pages\/52","targetHints":{"allow":["GET"]}}],"collection":[{"href":"https:\/\/centrumautomatyzacji.pl\/index.php\/wp-json\/wp\/v2\/pages"}],"about":[{"href":"https:\/\/centrumautomatyzacji.pl\/index.php\/wp-json\/wp\/v2\/types\/page"}],"author":[{"embeddable":true,"href":"https:\/\/centrumautomatyzacji.pl\/index.php\/wp-json\/wp\/v2\/users\/1"}],"replies":[{"embeddable":true,"href":"https:\/\/centrumautomatyzacji.pl\/index.php\/wp-json\/wp\/v2\/comments?post=52"}],"version-history":[{"count":3,"href":"https:\/\/centrumautomatyzacji.pl\/index.php\/wp-json\/wp\/v2\/pages\/52\/revisions"}],"predecessor-version":[{"id":60,"href":"https:\/\/centrumautomatyzacji.pl\/index.php\/wp-json\/wp\/v2\/pages\/52\/revisions\/60"}],"wp:attachment":[{"href":"https:\/\/centrumautomatyzacji.pl\/index.php\/wp-json\/wp\/v2\/media?parent=52"}],"curies":[{"name":"wp","href":"https:\/\/api.w.org\/{rel}","templated":true}]}}